{"id":180,"date":"2024-03-04T11:35:32","date_gmt":"2024-03-04T11:35:32","guid":{"rendered":"https:\/\/waxaesthetik.de\/?page_id=180"},"modified":"2024-03-07T04:17:16","modified_gmt":"2024-03-07T04:17:16","slug":"faq","status":"publish","type":"page","link":"https:\/\/waxaesthetik.de\/?page_id=180","title":{"rendered":"FAQ"},"content":{"rendered":"\n<div class=\"wp-block-aab-group-accordion aagb_accordion_f6631037-6a39-420d-8c38-7dcc87cc904a\">\n<div class=\"wp-block-aab-accordion-item aagb__accordion_container\" style=\"border:0px none undefined;margin-top:0px;margin-bottom:15px;border-radius:0px\"><div class=\"aagb__accordion_head aab_right_icon\" data-active=\"false\" style=\"color:#000000;background-color:#ffffff;padding:9px 12px 9px 12px\"><div class=\"aagb__accordion_heading aab_right_icon\"><h5 class=\"aagb__accordion_title\" style=\"margin:0;color:#000000\"><br><strong>Was sind die wichtigsten Regeln nach dem Waxing?<\/strong><\/h5><\/div><div class=\"aagb__accordion_icon\" style=\"color:#333333;background-color:transparent\"><span class=\"aagb__icon dashicons dashicons-plus-alt2\"><\/span><\/div><\/div><div class=\"aagb__accordion_body \" role=\"region\" style=\"background-color:#ffffff;border-top:0px none undefined;padding:9px 12px 9px 12px\">\n<p>Nach der Behandlung sollten Sie innerhalb der n\u00e4chsten 24 Stunden auf Sonneneinstrahlung, Solariumbesuche, fetthaltige Cremes, schwei\u00dftreibenden Sport und Schwimmen verzichten. Direkt nach dem Achselwaxing empfehlen wir, kein Deodorant zu verwenden, und frisch gewaxte Gesichtshaut sollte nicht mit Make-up belastet werden.<\/p>\n<\/div><\/div>\n\n\n\n<div class=\"wp-block-aab-accordion-item aagb__accordion_container\" style=\"border:0px none undefined;margin-top:0px;margin-bottom:15px;border-radius:0px\"><div class=\"aagb__accordion_head aab_right_icon\" data-active=\"false\" style=\"color:#000000;background-color:#ffffff;padding:9px 12px 9px 12px\"><div class=\"aagb__accordion_heading aab_right_icon\"><h5 class=\"aagb__accordion_title\" style=\"margin:0;color:#000000\"><br><strong>Wieso soll man nicht mehr rasieren, wenn man einmal mit dem Waxing angefangen hat?<\/strong><\/h5><\/div><div class=\"aagb__accordion_icon\" style=\"color:#333333;background-color:transparent\"><span class=\"aagb__icon dashicons dashicons-plus-alt2\"><\/span><\/div><\/div><div class=\"aagb__accordion_body \" role=\"region\" style=\"background-color:#ffffff;border-top:0px none undefined;padding:9px 12px 9px 12px\">\n<p>Durch regelm\u00e4\u00dfiges Waxing k\u00f6nnen nachwachsende Haare feiner und weniger sichtbar sein im Vergleich zur Rasur. Kontinuierliches Waxing kann im Laufe der Zeit zu einer Reduzierung des Haarwuchses f\u00fchren, da das wiederholte Entfernen der Haare die Haarfollikel schw\u00e4chen kann. Dies kann zu einem d\u00fcnneren und feineren Haarwuchs f\u00fchren.<\/p>\n<\/div><\/div>\n\n\n\n<div class=\"wp-block-aab-accordion-item aagb__accordion_container\" style=\"border:0px none undefined;margin-top:0px;margin-bottom:15px;border-radius:0px\"><div class=\"aagb__accordion_head aab_right_icon\" data-active=\"false\" style=\"color:#000000;background-color:#ffffff;padding:9px 12px 9px 12px\"><div class=\"aagb__accordion_heading aab_right_icon\"><h5 class=\"aagb__accordion_title\" style=\"margin:0;color:#000000\"><br><strong>Was tun gegen eingewachsene Haare?<\/strong><\/h5><\/div><div class=\"aagb__accordion_icon\" style=\"color:#333333;background-color:transparent\"><span class=\"aagb__icon dashicons dashicons-plus-alt2\"><\/span><\/div><\/div><div class=\"aagb__accordion_body \" role=\"region\" style=\"background-color:#ffffff;border-top:0px none undefined;padding:9px 12px 9px 12px\">\n<p>Der beste Rat lautet: Die gewaxte Haut regelm\u00e4\u00dfig peelen, um verstopfte Poren zu \u00f6ffnen. Es wird empfohlen, drei Tage nach dem Waxing damit zu beginnen. Ob Sie dabei einen Luffaschwamm, einen Peelinghandschuh oder eine Peelingcreme verwenden, bleibt Ihnen \u00fcberlassen. Massieren Sie die Haut mit festen, kreisenden Bewegungen, um abgestorbene Hautsch\u00fcppchen zu entfernen, die Poren zu befreien und den nachwachsenden Haaren den Weg an die Oberfl\u00e4che zu erleichtern. Ein toller Nebeneffekt ist, dass durch die gesteigerte Durchblutung das Hautbild im Laufe der Zeit straffer, feiner und j\u00fcnger erscheint. Um den nat\u00fcrlichen S\u00e4ureschutzmantel der Haut zu schonen, sollten Sie maximal alle zwei bis drei Tage peelen.<\/p>\n<\/div><\/div>\n\n\n\n<div class=\"wp-block-aab-accordion-item aagb__accordion_container\" style=\"border:0px none undefined;margin-top:0px;margin-bottom:15px;border-radius:0px\"><div class=\"aagb__accordion_head aab_right_icon\" data-active=\"false\" style=\"color:#000000;background-color:#ffffff;padding:9px 12px 9px 12px\"><div class=\"aagb__accordion_heading aab_right_icon\"><h5 class=\"aagb__accordion_title\" style=\"margin:0;color:#000000\"><br><strong>Stimmt es, dass die Haare mit jedem Waxing weniger werden?<\/strong><\/h5><\/div><div class=\"aagb__accordion_icon\" style=\"color:#333333;background-color:transparent\"><span class=\"aagb__icon dashicons dashicons-plus-alt2\"><\/span><\/div><\/div><div class=\"aagb__accordion_body \" role=\"region\" style=\"background-color:#ffffff;border-top:0px none undefined;padding:9px 12px 9px 12px\">\n<p>Ja, das ist richtig. Bereits nach der ersten Anwendung wachsen die Haare feiner und weicher nach, und im Laufe der Zeit nimmt ihre Anzahl deutlich ab. Der Grund daf\u00fcr liegt darin, dass beim Waxing die Haare inklusive der Haarzwiebel entfernt werden.<\/p>\n<\/div><\/div>\n\n\n\n<div class=\"wp-block-aab-accordion-item aagb__accordion_container\" style=\"border:0px none undefined;margin-top:0px;margin-bottom:15px;border-radius:0px\"><div class=\"aagb__accordion_head aab_right_icon\" data-active=\"false\" style=\"color:#000000;background-color:#ffffff;padding:9px 12px 9px 12px\"><div class=\"aagb__accordion_heading aab_right_icon\"><h5 class=\"aagb__accordion_title\" style=\"margin:0;color:#000000\"><br><strong>Kommen irgendwann gar keine Haare mehr nach?<\/strong><\/h5><\/div><div class=\"aagb__accordion_icon\" style=\"color:#333333;background-color:transparent\"><span class=\"aagb__icon dashicons dashicons-plus-alt2\"><\/span><\/div><\/div><div class=\"aagb__accordion_body \" role=\"region\" style=\"background-color:#ffffff;border-top:0px none undefined;padding:9px 12px 9px 12px\">\n<p>Ja! Personen, die \u00fcber Jahre hinweg wachsen, k\u00f6nnen sich \u00fcber eine deutliche Reduzierung des Haarwuchses freuen. Haare an den gewachsten K\u00f6rperpartien wachsen sowohl feiner als auch weniger nach.<\/p>\n<\/div><\/div>\n\n\n\n<div class=\"wp-block-aab-accordion-item aagb__accordion_container\" style=\"border:0px none undefined;margin-top:0px;margin-bottom:15px;border-radius:0px\"><div class=\"aagb__accordion_head aab_right_icon\" data-active=\"false\" style=\"color:#000000;background-color:#ffffff;padding:9px 12px 9px 12px\"><div class=\"aagb__accordion_heading aab_right_icon\"><h5 class=\"aagb__accordion_title\" style=\"margin:0;color:#000000\"><br><strong>Lange Scham- und Achselhaare: Vor dem Waxing stutzen oder nicht?<\/strong><\/h5><\/div><div class=\"aagb__accordion_icon\" style=\"color:#333333;background-color:transparent\"><span class=\"aagb__icon dashicons dashicons-plus-alt2\"><\/span><\/div><\/div><div class=\"aagb__accordion_body \" role=\"region\" style=\"background-color:#ffffff;border-top:0px none undefined;padding:9px 12px 9px 12px\">\n<p>Sind die Haare l\u00e4nger als drei Zentimeter, bitte vorher schneiden. Das macht das Waxing f\u00fcr alle leichter! Zudem mindert man so den Schmerzfaktor, optimiert das sp\u00e4tere Ergebnis und verhindert, dass die Haare beim Waxing abbrechen.<\/p>\n<\/div><\/div>\n\n\n\n<div class=\"wp-block-aab-accordion-item aagb__accordion_container\" style=\"border:0px none undefined;margin-top:0px;margin-bottom:15px;border-radius:0px\"><div class=\"aagb__accordion_head aab_right_icon\" data-active=\"false\" style=\"color:#000000;background-color:#ffffff;padding:9px 12px 9px 12px\"><div class=\"aagb__accordion_heading aab_right_icon\"><h5 class=\"aagb__accordion_title\" style=\"margin:0;color:#000000\"><br><strong>Wie lang m\u00fcssen die Haare vor dem Waxing sein?<\/strong><\/h5><\/div><div class=\"aagb__accordion_icon\" style=\"color:#333333;background-color:transparent\"><span class=\"aagb__icon dashicons dashicons-plus-alt2\"><\/span><\/div><\/div><div class=\"aagb__accordion_body \" role=\"region\" style=\"background-color:#ffffff;border-top:0px none undefined;padding:9px 12px 9px 12px\">\n<p>Eine Haarl\u00e4nge von circa vier Millimetern ist optimal.<\/p>\n<\/div><\/div>\n\n\n\n<div class=\"wp-block-aab-accordion-item aagb__accordion_container\" style=\"border:0px none undefined;margin-top:0px;margin-bottom:15px;border-radius:0px\"><div class=\"aagb__accordion_head aab_right_icon\" data-active=\"false\" style=\"color:#000000;background-color:#ffffff;padding:9px 12px 9px 12px\"><div class=\"aagb__accordion_heading aab_right_icon\"><h5 class=\"aagb__accordion_title\" style=\"margin:0;color:#000000\"><br><strong>Wann besteht absolutes Waxing-Verbot?<\/strong><\/h5><\/div><div class=\"aagb__accordion_icon\" style=\"color:#333333;background-color:transparent\"><span class=\"aagb__icon dashicons dashicons-plus-alt2\"><\/span><\/div><\/div><div class=\"aagb__accordion_body \" role=\"region\" style=\"background-color:#ffffff;border-top:0px none undefined;padding:9px 12px 9px 12px\">\n<p>Grunds\u00e4tzlich gilt: Bei Verletzungen, Wunden und R\u00f6tungen ist es besser, auf das Waxing zu verzichten und die Haut heilen zu lassen. Menschen mit starken Krampfadern wird in professionellen Waxing-Studios von der Behandlung mit hei\u00dfem Wachs abgeraten. Au\u00dferdem sollten Narben mindestens sechs Monate alt sein, bevor eine Waxing-Behandlung in Betracht gezogen wird.<\/p>\n<\/div><\/div>\n\n\n\n<div class=\"wp-block-aab-accordion-item aagb__accordion_container\" style=\"border:0px none undefined;margin-top:0px;margin-bottom:15px;border-radius:0px\"><div class=\"aagb__accordion_head aab_right_icon\" data-active=\"false\" style=\"color:#000000;background-color:#ffffff;padding:9px 12px 9px 12px\"><div class=\"aagb__accordion_heading aab_right_icon\"><h5 class=\"aagb__accordion_title\" style=\"margin:0;color:#000000\"><br><strong>Was sind die wichtigsten Regeln vor dem Waxing?<\/strong><\/h5><\/div><div class=\"aagb__accordion_icon\" style=\"color:#333333;background-color:transparent\"><span class=\"aagb__icon dashicons dashicons-plus-alt2\"><\/span><\/div><\/div><div class=\"aagb__accordion_body \" role=\"region\" style=\"background-color:#ffffff;border-top:0px none undefined;padding:9px 12px 9px 12px\">\n<p>Vermeiden Sie 24 Stunden vorher Sonnen- und Solariumbesuche und verwenden Sie keine fetthaltige Bodylotion. Ein Tipp ist, die Haut vorher zu peelen, um sie von \u00fcberfl\u00fcssigen Schuppen zu befreien.<\/p>\n<\/div><\/div>\n<\/div>\n","protected":false},"excerpt":{"rendered":"","protected":false},"author":1,"featured_media":0,"parent":0,"menu_order":0,"comment_status":"closed","ping_status":"closed","template":"","meta":{"footnotes":""},"class_list":["post-180","page","type-page","status-publish","hentry"],"_links":{"self":[{"href":"https:\/\/waxaesthetik.de\/index.php?rest_route=\/wp\/v2\/pages\/180","targetHints":{"allow":["GET"]}}],"collection":[{"href":"https:\/\/waxaesthetik.de\/index.php?rest_route=\/wp\/v2\/pages"}],"about":[{"href":"https:\/\/waxaesthetik.de\/index.php?rest_route=\/wp\/v2\/types\/page"}],"author":[{"embeddable":true,"href":"https:\/\/waxaesthetik.de\/index.php?rest_route=\/wp\/v2\/users\/1"}],"replies":[{"embeddable":true,"href":"https:\/\/waxaesthetik.de\/index.php?rest_route=%2Fwp%2Fv2%2Fcomments&post=180"}],"version-history":[{"count":12,"href":"https:\/\/waxaesthetik.de\/index.php?rest_route=\/wp\/v2\/pages\/180\/revisions"}],"predecessor-version":[{"id":314,"href":"https:\/\/waxaesthetik.de\/index.php?rest_route=\/wp\/v2\/pages\/180\/revisions\/314"}],"wp:attachment":[{"href":"https:\/\/waxaesthetik.de\/index.php?rest_route=%2Fwp%2Fv2%2Fmedia&parent=180"}],"curies":[{"name":"wp","href":"https:\/\/api.w.org\/{rel}","templated":true}]}}