{"id":8,"date":"2024-02-19T22:12:31","date_gmt":"2024-02-19T22:12:31","guid":{"rendered":"https:\/\/waxaesthetik.de\/?page_id=8"},"modified":"2024-02-29T11:25:47","modified_gmt":"2024-02-29T11:25:47","slug":"ueber-uns","status":"publish","type":"page","link":"https:\/\/waxaesthetik.de\/?page_id=8","title":{"rendered":"\u00dcber uns"},"content":{"rendered":"\n<p>&#8222;Wax \u00c4sthetik&#8220; ist ein modernes Waxing-Studio, das sich auf hochwertige Waxing-Dienstleistungen spezialisiert hat und seinen Kunden ein H\u00f6chstma\u00df an Komfort, Professionalit\u00e4t und \u00c4sthetik bietet.&nbsp;Unser&nbsp;Studio zeichnet sich durch eine warme und einladende Atmosph\u00e4re aus, in der sich&nbsp;unsere&nbsp;Kunden entspannen und eine erstklassige Waxing-Erfahrung genie\u00dfen k\u00f6nnen.<\/p>\n\n\n\n<ul>\n<li>Professionelle Haarentfernung f\u00fcr Damen und Herren<\/li>\n\n\n\n<li>Individuelle Beratung<\/li>\n\n\n\n<li>Angenehme Atmosph\u00e4re<\/li>\n\n\n\n<li>Spezialisierung auf verschiedene K\u00f6rperregionen (Beine, Arme, Gesicht, R\u00fccken, Intimbereich usw.)<\/li>\n\n\n\n<li>Verwendung hochwertiger Waxing-Produkte \u2013\u00a0Premium-Wachs ohne Tierversuche \u2013\u00a0f\u00fcr ein sanftes und effektives Ergebnis<\/li>\n\n\n\n<li>Sehr hohe\u00a0Hygienestandards<\/li>\n\n\n\n<li>Zus\u00e4tzliche Dienstleistungen wie Hautpflegeberatung, Nachsorgeprodukte und Entspannungsbehandlungen<\/li>\n\n\n\n<li>Flexible Terminplanung<\/li>\n<\/ul>\n\n\n\n<figure class=\"wp-block-image size-large\"><img loading=\"lazy\" decoding=\"async\" width=\"768\" height=\"1024\" src=\"https:\/\/waxaesthetik.de\/wp-content\/uploads\/2024\/02\/Unbenannt-768x1024.jpg\" alt=\"\" class=\"wp-image-102\" srcset=\"https:\/\/waxaesthetik.de\/wp-content\/uploads\/2024\/02\/Unbenannt-768x1024.jpg 768w, https:\/\/waxaesthetik.de\/wp-content\/uploads\/2024\/02\/Unbenannt-225x300.jpg 225w, https:\/\/waxaesthetik.de\/wp-content\/uploads\/2024\/02\/Unbenannt-1152x1536.jpg 1152w, https:\/\/waxaesthetik.de\/wp-content\/uploads\/2024\/02\/Unbenannt.jpg 1536w\" sizes=\"auto, (max-width: 768px) 100vw, 768px\" \/><\/figure>\n","protected":false},"excerpt":{"rendered":"<p>&#8222;Wax \u00c4sthetik&#8220; ist ein modernes Waxing-Studio, das sich auf hochwertige Waxing-Dienstleistungen spezialisiert hat und seinen Kunden ein H\u00f6chstma\u00df an Komfort, Professionalit\u00e4t und \u00c4sthetik bietet.&nbsp;Unser&nbsp;Studio zeichnet sich durch eine warme und einladende Atmosph\u00e4re aus, in der sich&nbsp;unsere&nbsp;Kunden entspannen und eine erstklassige Waxing-Erfahrung genie\u00dfen k\u00f6nnen.<\/p>\n","protected":false},"author":1,"featured_media":0,"parent":0,"menu_order":0,"comment_status":"closed","ping_status":"closed","template":"","meta":{"footnotes":""},"class_list":["post-8","page","type-page","status-publish","hentry"],"_links":{"self":[{"href":"https:\/\/waxaesthetik.de\/index.php?rest_route=\/wp\/v2\/pages\/8","targetHints":{"allow":["GET"]}}],"collection":[{"href":"https:\/\/waxaesthetik.de\/index.php?rest_route=\/wp\/v2\/pages"}],"about":[{"href":"https:\/\/waxaesthetik.de\/index.php?rest_route=\/wp\/v2\/types\/page"}],"author":[{"embeddable":true,"href":"https:\/\/waxaesthetik.de\/index.php?rest_route=\/wp\/v2\/users\/1"}],"replies":[{"embeddable":true,"href":"https:\/\/waxaesthetik.de\/index.php?rest_route=%2Fwp%2Fv2%2Fcomments&post=8"}],"version-history":[{"count":3,"href":"https:\/\/waxaesthetik.de\/index.php?rest_route=\/wp\/v2\/pages\/8\/revisions"}],"predecessor-version":[{"id":106,"href":"https:\/\/waxaesthetik.de\/index.php?rest_route=\/wp\/v2\/pages\/8\/revisions\/106"}],"wp:attachment":[{"href":"https:\/\/waxaesthetik.de\/index.php?rest_route=%2Fwp%2Fv2%2Fmedia&parent=8"}],"curies":[{"name":"wp","href":"https:\/\/api.w.org\/{rel}","templated":true}]}}